{"id":295,"date":"2024-01-25T17:25:10","date_gmt":"2024-01-25T17:25:10","guid":{"rendered":"https:\/\/eng.conexao.pro\/?page_id=295"},"modified":"2024-01-25T20:30:16","modified_gmt":"2024-01-25T20:30:16","slug":"licitacoes-de-servicos","status":"publish","type":"page","link":"https:\/\/eng.conexao.pro\/index.php\/solucoes\/licitacoes-de-servicos\/","title":{"rendered":"Licita\u00e7\u00f5es de Servi\u00e7os"},"content":{"rendered":"\t\t<div data-elementor-type=\"wp-page\" data-elementor-id=\"295\" class=\"elementor elementor-295\" data-elementor-post-type=\"page\">\n\t\t\t\t\t\t<section class=\"elementor-section elementor-top-section elementor-element elementor-element-2d96b2b elementor-section-height-min-height elementor-section-boxed elementor-section-height-default elementor-section-items-middle\" data-id=\"2d96b2b\" data-element_type=\"section\" data-settings=\"{&quot;background_background&quot;:&quot;classic&quot;}\">\n\t\t\t\t\t\t\t<div class=\"elementor-background-overlay\"><\/div>\n\t\t\t\t\t\t\t<div class=\"elementor-container elementor-column-gap-default\">\n\t\t\t\t\t<div class=\"elementor-column elementor-col-100 elementor-top-column elementor-element elementor-element-7f6b5738\" data-id=\"7f6b5738\" data-element_type=\"column\">\n\t\t\t<div class=\"elementor-widget-wrap elementor-element-populated\">\n\t\t\t\t\t\t<div class=\"elementor-element elementor-element-23f6f960 elementor-widget elementor-widget-heading\" data-id=\"23f6f960\" data-element_type=\"widget\" data-widget_type=\"heading.default\">\n\t\t\t\t<div class=\"elementor-widget-container\">\n\t\t\t\t\t<h1 class=\"elementor-heading-title elementor-size-default\">Licita\u00e7\u00f5es de Servi\u00e7os<\/h1>\t\t\t\t<\/div>\n\t\t\t\t<\/div>\n\t\t\t\t<div class=\"elementor-element elementor-element-4dfe7a9e elementor-widget elementor-widget-heading\" data-id=\"4dfe7a9e\" data-element_type=\"widget\" data-widget_type=\"heading.default\">\n\t\t\t\t<div class=\"elementor-widget-container\">\n\t\t\t\t\t<h4 class=\"elementor-heading-title elementor-size-default\">texto  texto  texto  texto  texto  texto  texto  texto  texto  texto  texto  texto  texto  texto  texto  texto  texto  texto  texto  texto  texto  texto  texto  texto  texto  texto  texto  texto  texto  texto  texto  texto  texto  texto  texto  texto  texto  texto  texto  texto  texto  texto  texto  texto  <\/h4>\t\t\t\t<\/div>\n\t\t\t\t<\/div>\n\t\t\t\t\t<\/div>\n\t\t<\/div>\n\t\t\t\t\t<\/div>\n\t\t<\/section>\n\t\t\t\t<section class=\"elementor-section elementor-top-section elementor-element elementor-element-9975634 elementor-section-content-middle elementor-section-boxed elementor-section-height-default elementor-section-height-default\" data-id=\"9975634\" data-element_type=\"section\" data-settings=\"{&quot;background_background&quot;:&quot;classic&quot;}\">\n\t\t\t\t\t\t<div class=\"elementor-container elementor-column-gap-default\">\n\t\t\t\t\t<div class=\"elementor-column elementor-col-50 elementor-top-column elementor-element elementor-element-68c2fef8 elementor-invisible\" data-id=\"68c2fef8\" data-element_type=\"column\" data-settings=\"{&quot;animation&quot;:&quot;fadeInRight&quot;}\">\n\t\t\t<div class=\"elementor-widget-wrap elementor-element-populated\">\n\t\t\t\t\t\t<div class=\"elementor-element elementor-element-429a94f8 elementor-widget elementor-widget-heading\" data-id=\"429a94f8\" data-element_type=\"widget\" data-widget_type=\"heading.default\">\n\t\t\t\t<div class=\"elementor-widget-container\">\n\t\t\t\t\t<h2 class=\"elementor-heading-title elementor-size-default\">Assessoria T\u00e9cnica - Licita\u00e7\u00f5es de Servi\u00e7os<\/h2>\t\t\t\t<\/div>\n\t\t\t\t<\/div>\n\t\t\t\t<div class=\"elementor-element elementor-element-1ca2cbe5 elementor-widget elementor-widget-text-editor\" data-id=\"1ca2cbe5\" data-element_type=\"widget\" data-widget_type=\"text-editor.default\">\n\t\t\t\t<div class=\"elementor-widget-container\">\n\t\t\t\t\t\t\t\t\t<ul><li>Descri\u00e7\u00e3o<\/li><\/ul>\t\t\t\t\t\t\t\t<\/div>\n\t\t\t\t<\/div>\n\t\t\t\t<div class=\"elementor-element elementor-element-5ea25cba elementor-widget elementor-widget-button\" data-id=\"5ea25cba\" data-element_type=\"widget\" data-widget_type=\"button.default\">\n\t\t\t\t<div class=\"elementor-widget-container\">\n\t\t\t\t\t\t\t\t\t<div class=\"elementor-button-wrapper\">\n\t\t\t\t\t<a class=\"elementor-button elementor-button-link elementor-size-md\" href=\"#elementor-action%3Aaction%3Dpopup%3Aopen%26settings%3DeyJpZCI6IjM4OCIsInRvZ2dsZSI6ZmFsc2V9\">\n\t\t\t\t\t\t<span class=\"elementor-button-content-wrapper\">\n\t\t\t\t\t\t\t\t\t<span class=\"elementor-button-text\">Entre em Contato<\/span>\n\t\t\t\t\t<\/span>\n\t\t\t\t\t<\/a>\n\t\t\t\t<\/div>\n\t\t\t\t\t\t\t\t<\/div>\n\t\t\t\t<\/div>\n\t\t\t\t\t<\/div>\n\t\t<\/div>\n\t\t\t\t<div class=\"elementor-column elementor-col-50 elementor-top-column elementor-element elementor-element-283210b1 elementor-invisible\" data-id=\"283210b1\" data-element_type=\"column\" data-settings=\"{&quot;animation&quot;:&quot;fadeInDown&quot;,&quot;background_background&quot;:&quot;classic&quot;}\">\n\t\t\t<div class=\"elementor-widget-wrap elementor-element-populated\">\n\t\t\t\t\t\t<div class=\"elementor-element elementor-element-4318d0a0 elementor-widget elementor-widget-image\" data-id=\"4318d0a0\" data-element_type=\"widget\" data-widget_type=\"image.default\">\n\t\t\t\t<div class=\"elementor-widget-container\">\n\t\t\t\t\t\t\t\t\t\t\t\t\t\t\t<img fetchpriority=\"high\" decoding=\"async\" width=\"800\" height=\"800\" src=\"https:\/\/eng.conexao.pro\/wp-content\/uploads\/2023\/06\/sem-dg-2-1024x1024.png\" class=\"attachment-large size-large wp-image-212\" alt=\"\" srcset=\"https:\/\/eng.conexao.pro\/wp-content\/uploads\/2023\/06\/sem-dg-2-1024x1024.png 1024w, https:\/\/eng.conexao.pro\/wp-content\/uploads\/2023\/06\/sem-dg-2-300x300.png 300w, https:\/\/eng.conexao.pro\/wp-content\/uploads\/2023\/06\/sem-dg-2-150x150.png 150w, https:\/\/eng.conexao.pro\/wp-content\/uploads\/2023\/06\/sem-dg-2-768x768.png 768w, https:\/\/eng.conexao.pro\/wp-content\/uploads\/2023\/06\/sem-dg-2.png 1080w\" sizes=\"(max-width: 800px) 100vw, 800px\" \/>\t\t\t\t\t\t\t\t\t\t\t\t\t\t\t<\/div>\n\t\t\t\t<\/div>\n\t\t\t\t\t<\/div>\n\t\t<\/div>\n\t\t\t\t\t<\/div>\n\t\t<\/section>\n\t\t\t\t<\/div>\n\t\t","protected":false},"excerpt":{"rendered":"<p>texto texto texto texto texto texto texto texto texto texto texto texto texto texto texto texto texto texto texto texto texto texto texto texto texto texto texto texto texto texto texto texto texto texto texto texto texto texto texto texto texto texto texto texto Assessoria T\u00e9cnica &#8211; Licita\u00e7\u00f5es de Servi\u00e7os Descri\u00e7\u00e3o Entre em Contato<\/p>\n","protected":false},"author":1,"featured_media":0,"parent":144,"menu_order":2,"comment_status":"closed","ping_status":"closed","template":"","meta":{"footnotes":""},"class_list":["post-295","page","type-page","status-publish","hentry"],"_links":{"self":[{"href":"https:\/\/eng.conexao.pro\/index.php\/wp-json\/wp\/v2\/pages\/295","targetHints":{"allow":["GET"]}}],"collection":[{"href":"https:\/\/eng.conexao.pro\/index.php\/wp-json\/wp\/v2\/pages"}],"about":[{"href":"https:\/\/eng.conexao.pro\/index.php\/wp-json\/wp\/v2\/types\/page"}],"author":[{"embeddable":true,"href":"https:\/\/eng.conexao.pro\/index.php\/wp-json\/wp\/v2\/users\/1"}],"replies":[{"embeddable":true,"href":"https:\/\/eng.conexao.pro\/index.php\/wp-json\/wp\/v2\/comments?post=295"}],"version-history":[{"count":29,"href":"https:\/\/eng.conexao.pro\/index.php\/wp-json\/wp\/v2\/pages\/295\/revisions"}],"predecessor-version":[{"id":499,"href":"https:\/\/eng.conexao.pro\/index.php\/wp-json\/wp\/v2\/pages\/295\/revisions\/499"}],"up":[{"embeddable":true,"href":"https:\/\/eng.conexao.pro\/index.php\/wp-json\/wp\/v2\/pages\/144"}],"wp:attachment":[{"href":"https:\/\/eng.conexao.pro\/index.php\/wp-json\/wp\/v2\/media?parent=295"}],"curies":[{"name":"wp","href":"https:\/\/api.w.org\/{rel}","templated":true}]}}